{"id":10,"date":"2016-08-09T22:22:01","date_gmt":"2016-08-09T22:22:01","guid":{"rendered":"https:\/\/2016.medellin.wordcamp.org\/sponsors\/"},"modified":"2016-09-09T12:14:28","modified_gmt":"2016-09-09T17:14:28","slug":"sponsors","status":"publish","type":"page","link":"https:\/\/medellin.wordcamp.org\/2016\/sponsors\/","title":{"rendered":"Patrocinadores"},"content":{"rendered":"<h3>Nuestro patrocinadores<\/h3>\n<p>El WordCamp Medell\u00edn 2016 no ser\u00eda posible sin el patrocinio de:<\/p>\n\n\t<div class=\"wcorg-sponsors\">\n\t\t\n\t\t\t<div class=\"wcorg-sponsor-level-oro\">\n\t\t\t\t<h2>Oro<\/h2>\n\n\t\t\t\t\n\t\t\t\t\t<div id=\"wcorg-sponsor-544\" class=\"wcorg-sponsor\">\n\t\t\t\t\t\t\t\t\t\t\t\t\t\t\t\t\t\t\t\t\t<h3>\n\t\t\t\t\t\t\t\t\tTecnol\u00f3gico de Antioquia\t\t\t\t\t\t\t\t<\/h3>\n\t\t\t\t\t\t\t\t\t\t\t\t\t\n\t\t\t\t\t\t<div class=\"wcorg-sponsor-description\">\n\t\t\t\t\t\t\t\t\t\t\t\t\t\t\t<img loading=\"lazy\" decoding=\"async\" width=\"2361\" height=\"676\" src=\"https:\/\/medellin.wordcamp.org\/2016\/files\/2016\/10\/tecnologico-antioquia.png\" class=\"attachment-wcb-sponsor-logo-horizontal-2x size-wcb-sponsor-logo-horizontal-2x wp-post-image\" alt=\"Tecnol\u00f3gico de Antioquia\" srcset=\"https:\/\/medellin.wordcamp.org\/2016\/files\/2016\/10\/tecnologico-antioquia.png 2361w, https:\/\/medellin.wordcamp.org\/2016\/files\/2016\/10\/tecnologico-antioquia-300x86.png 300w, https:\/\/medellin.wordcamp.org\/2016\/files\/2016\/10\/tecnologico-antioquia-768x220.png 768w, https:\/\/medellin.wordcamp.org\/2016\/files\/2016\/10\/tecnologico-antioquia-1024x293.png 1024w, https:\/\/medellin.wordcamp.org\/2016\/files\/2016\/10\/tecnologico-antioquia-500x143.png 500w\" sizes=\"auto, (max-width: 2361px) 100vw, 2361px\" \/>\t\t\t\t\t\t\t\n\t\t\t\t\t\t\t\t\t\t\t\t\t\t\t<div class=\"_At\">El <b><a href=\"http:\/\/www.tdea.edu.co\/index.php\/es\/\" rel=\"nofollow\">Tecnol\u00f3gico de Antioquia<\/a> &#8211; Instituci\u00f3n Universitaria<\/b> (<b>TdeA<\/b>), tambi\u00e9n conocido como el <b>Tecnol\u00f3gico de Antioquia<\/b>, es una instituci\u00f3n de educaci\u00f3n superior de Colombia, ubicada en el departamento de Antioquia,<sup id=\"cite_ref-1\" class=\"reference\">1<\/sup> que ofrece programas de formaci\u00f3n t\u00e9cnica, tecnol\u00f3gica, profesional universitario y Posgrados. Su sede principal se encuentra en Robledo, en la ciudad de Medell\u00edn.<\/div>\n\t\t\t\t\t\t\t\t\t\t\t\t\t<\/div>\n\t\t\t\t\t<\/div><!-- #sponsor -->\n\t\t\t\t\n\t\t\t\t\t<div id=\"wcorg-sponsor-21\" class=\"wcorg-sponsor\">\n\t\t\t\t\t\t\t\t\t\t\t\t\t\t\t\t\t\t\t\t\t<h3>\n\t\t\t\t\t\t\t\t\t<a href=\"https:\/\/www.woothemes.com\/woocommerce\/\" rel=\"nofollow\">\n\t\t\t\t\t\t\t\t\t\tWooCommerce\t\t\t\t\t\t\t\t\t<\/a>\n\t\t\t\t\t\t\t\t<\/h3>\n\t\t\t\t\t\t\t\t\t\t\t\t\t\n\t\t\t\t\t\t<div class=\"wcorg-sponsor-description\">\n\t\t\t\t\t\t\t\t\t\t\t\t\t\t\t<a href=\"https:\/\/www.woothemes.com\/woocommerce\/\" rel=\"nofollow\">\n\t\t\t\t\t\t\t\t\t<img loading=\"lazy\" decoding=\"async\" width=\"1000\" height=\"234\" src=\"https:\/\/medellin.wordcamp.org\/2016\/files\/2016\/08\/woo-commerce.png\" class=\"attachment-wcb-sponsor-logo-horizontal-2x size-wcb-sponsor-logo-horizontal-2x wp-post-image\" alt=\"WooCommerce\" srcset=\"https:\/\/medellin.wordcamp.org\/2016\/files\/2016\/08\/woo-commerce.png 1000w, https:\/\/medellin.wordcamp.org\/2016\/files\/2016\/08\/woo-commerce-300x70.png 300w, https:\/\/medellin.wordcamp.org\/2016\/files\/2016\/08\/woo-commerce-768x180.png 768w, https:\/\/medellin.wordcamp.org\/2016\/files\/2016\/08\/woo-commerce-500x117.png 500w\" sizes=\"auto, (max-width: 1000px) 100vw, 1000px\" \/>\t\t\t\t\t\t\t\t<\/a>\n\t\t\t\t\t\t\t\n\t\t\t\t\t\t\t\t\t\t\t\t\t\t\t<p>WooCommerce is the fastest growing eCommerce software\/platform, powering over 30% of all eCommerce stores with over 1 million active installations. It is is built to integrate seamlessly with WordPress, making it the obvious eCommerce choice for existing WordPress users and connects you to the fast-growing WordPress ecosystem which now powers over 25% of all websites on the internet.<\/p>\n<p>With WooCommerce you can start with all the basic tools that any small business would need to start selling online, including product setup, payments, shipping options, and sales reports and as your business grows choose from over 300 premium add-ons available including additional payment processors, shipping methods, inventory systems and marketing tools anyone to sell anything, anywhere from real products and digital downloads to subscriptions, content and even your time.<\/p>\n<p>In July 2015, WooCommerce was acquired by Automattic, the creators of <a href=\"https:\/\/wordpress.com\" target=\"_blank\" rel=\"nofollow\">WordPress.com<\/a> which serves more than 15.8 billion pages a month and also the creators of other popular WordPress services including Akismet, Jetpack, and VaultPress. We look forward to growing WooCommerce to achieve even greater things together with Automattic.<\/p>\n\t\t\t\t\t\t\t\t\t\t\t\t\t<\/div>\n\t\t\t\t\t<\/div><!-- #sponsor -->\n\t\t\t\t\n\t\t\t\t\t<div id=\"wcorg-sponsor-22\" class=\"wcorg-sponsor\">\n\t\t\t\t\t\t\t\t\t\t\t\t\t\t\t\t\t\t\t\t\t<h3>\n\t\t\t\t\t\t\t\t\t<a href=\"https:\/\/jetpack.com\/\" rel=\"nofollow\">\n\t\t\t\t\t\t\t\t\t\tJetpack\t\t\t\t\t\t\t\t\t<\/a>\n\t\t\t\t\t\t\t\t<\/h3>\n\t\t\t\t\t\t\t\t\t\t\t\t\t\n\t\t\t\t\t\t<div class=\"wcorg-sponsor-description\">\n\t\t\t\t\t\t\t\t\t\t\t\t\t\t\t<a href=\"https:\/\/jetpack.com\/\" rel=\"nofollow\">\n\t\t\t\t\t\t\t\t\t<img loading=\"lazy\" decoding=\"async\" width=\"1000\" height=\"234\" src=\"https:\/\/medellin.wordcamp.org\/2016\/files\/2016\/08\/jetpack_transparent-bg.png\" class=\"attachment-wcb-sponsor-logo-horizontal-2x size-wcb-sponsor-logo-horizontal-2x wp-post-image\" alt=\"Jetpack\" srcset=\"https:\/\/medellin.wordcamp.org\/2016\/files\/2016\/08\/jetpack_transparent-bg.png 1000w, https:\/\/medellin.wordcamp.org\/2016\/files\/2016\/08\/jetpack_transparent-bg-300x70.png 300w, https:\/\/medellin.wordcamp.org\/2016\/files\/2016\/08\/jetpack_transparent-bg-768x180.png 768w, https:\/\/medellin.wordcamp.org\/2016\/files\/2016\/08\/jetpack_transparent-bg-500x117.png 500w\" sizes=\"auto, (max-width: 1000px) 100vw, 1000px\" \/>\t\t\t\t\t\t\t\t<\/a>\n\t\t\t\t\t\t\t\n\t\t\t\t\t\t\t\t\t\t\t\t\t\t\t<p>Jetpack is a free WordPress plugin that simplifies managing your sites. This single plugin enables Photon (a global CDN for images), uptime monitoring, brute force protection, traffic-boosting tools, single sign on, multiple-site management, and automatic or bulk plugin updates. Additionally Jetpack includes several features that help you customize the look and feel of your site without installing other tools. More information can be found at <a href=\"http:\/\/jetpack.me\/\" rel=\"nofollow\">jetpack.com<\/a>.<\/p>\n\t\t\t\t\t\t\t\t\t\t\t\t\t<\/div>\n\t\t\t\t\t<\/div><!-- #sponsor -->\n\t\t\t\t\n\t\t\t\t\t<div id=\"wcorg-sponsor-23\" class=\"wcorg-sponsor\">\n\t\t\t\t\t\t\t\t\t\t\t\t\t\t\t\t\t\t\t\t\t<h3>\n\t\t\t\t\t\t\t\t\t<a href=\"https:\/\/www.bluehost.com\/\" rel=\"nofollow\">\n\t\t\t\t\t\t\t\t\t\tBluehost\t\t\t\t\t\t\t\t\t<\/a>\n\t\t\t\t\t\t\t\t<\/h3>\n\t\t\t\t\t\t\t\t\t\t\t\t\t\n\t\t\t\t\t\t<div class=\"wcorg-sponsor-description\">\n\t\t\t\t\t\t\t\t\t\t\t\t\t\t\t<a href=\"https:\/\/www.bluehost.com\/\" rel=\"nofollow\">\n\t\t\t\t\t\t\t\t\t<img loading=\"lazy\" decoding=\"async\" width=\"1000\" height=\"234\" src=\"https:\/\/medellin.wordcamp.org\/2016\/files\/2016\/08\/bluehost.png\" class=\"attachment-wcb-sponsor-logo-horizontal-2x size-wcb-sponsor-logo-horizontal-2x wp-post-image\" alt=\"Bluehost\" srcset=\"https:\/\/medellin.wordcamp.org\/2016\/files\/2016\/08\/bluehost.png 1000w, https:\/\/medellin.wordcamp.org\/2016\/files\/2016\/08\/bluehost-300x70.png 300w, https:\/\/medellin.wordcamp.org\/2016\/files\/2016\/08\/bluehost-768x180.png 768w, https:\/\/medellin.wordcamp.org\/2016\/files\/2016\/08\/bluehost-500x117.png 500w\" sizes=\"auto, (max-width: 1000px) 100vw, 1000px\" \/>\t\t\t\t\t\t\t\t<\/a>\n\t\t\t\t\t\t\t\n\t\t\t\t\t\t\t\t\t\t\t\t\t\t\t<p><a href=\"https:\/\/www.bluehost.com\/\" rel=\"nofollow\">Bluehost<\/a> has been a WordPress partner since 2005 and powers over 1 million WordPress sites worldwide. Their objective is to help customers, whether novice or pro, create a thriving online presence at an affordable price. With a team of in-house tech experts available 24\/7, Bluehost dedicates time and resources to providing the best support and services in the industry. Join millions of other site owners and see what Bluehost can do for you and your online presence.<\/p>\n\t\t\t\t\t\t\t\t\t\t\t\t\t<\/div>\n\t\t\t\t\t<\/div><!-- #sponsor -->\n\t\t\t\t\n\t\t\t\t\t<div id=\"wcorg-sponsor-27\" class=\"wcorg-sponsor\">\n\t\t\t\t\t\t\t\t\t\t\t\t\t\t\t\t\t\t\t\t\t<h3>\n\t\t\t\t\t\t\t\t\t<a href=\"https:\/\/pantheon.io\/\" rel=\"nofollow\">\n\t\t\t\t\t\t\t\t\t\tPantheon\t\t\t\t\t\t\t\t\t<\/a>\n\t\t\t\t\t\t\t\t<\/h3>\n\t\t\t\t\t\t\t\t\t\t\t\t\t\n\t\t\t\t\t\t<div class=\"wcorg-sponsor-description\">\n\t\t\t\t\t\t\t\t\t\t\t\t\t\t\t<a href=\"https:\/\/pantheon.io\/\" rel=\"nofollow\">\n\t\t\t\t\t\t\t\t\t<img loading=\"lazy\" decoding=\"async\" width=\"1000\" height=\"234\" src=\"https:\/\/medellin.wordcamp.org\/2016\/files\/2016\/08\/pantheon.png\" class=\"attachment-wcb-sponsor-logo-horizontal-2x size-wcb-sponsor-logo-horizontal-2x wp-post-image\" alt=\"Pantheon\" srcset=\"https:\/\/medellin.wordcamp.org\/2016\/files\/2016\/08\/pantheon.png 1000w, https:\/\/medellin.wordcamp.org\/2016\/files\/2016\/08\/pantheon-300x70.png 300w, https:\/\/medellin.wordcamp.org\/2016\/files\/2016\/08\/pantheon-768x180.png 768w, https:\/\/medellin.wordcamp.org\/2016\/files\/2016\/08\/pantheon-500x117.png 500w\" sizes=\"auto, (max-width: 1000px) 100vw, 1000px\" \/>\t\t\t\t\t\t\t\t<\/a>\n\t\t\t\t\t\t\t\n\t\t\t\t\t\t\t\t\t\t\t\t\t\t\t<p>Pantheon puts the power of the Internet in the hands of developers and DevOps teams, delivering\u00a0<a href=\"https:\/\/pantheon.io\/features\/elastic-hosting\" target=\"_blank\" rel=\"nofollow\">rock solid hosting<\/a>\u00a0along with the most complete platform for professional website creation. We\u2019ve built the world\u2019s best website management platform\u2014one that gives web teams all of the\u00a0<a href=\"https:\/\/pantheon.io\/features\" target=\"_blank\" rel=\"nofollow\">developer tools<\/a>, hosting, scaling, performance, workflow, and automation they need to build the best websites in the world. Pantheon powers\u00a0<a href=\"https:\/\/pantheon.io\/customers\" target=\"_blank\" rel=\"nofollow\">150,000 websites<\/a>, serving billions of page views per month.<\/p>\n<p>For more information, visit\u00a0<a href=\"https:\/\/pantheon.io\/\" target=\"_blank\" rel=\"nofollow\">www.pantheon.io<\/a>.<\/p>\n\t\t\t\t\t\t\t\t\t\t\t\t\t<\/div>\n\t\t\t\t\t<\/div><!-- #sponsor -->\n\t\t\t\t\n\t\t\t\t\t<div id=\"wcorg-sponsor-28\" class=\"wcorg-sponsor\">\n\t\t\t\t\t\t\t\t\t\t\t\t\t\t\t\t\t\t\t\t\t<h3>\n\t\t\t\t\t\t\t\t\t<a href=\"https:\/\/www.godaddy.com\/pro\" rel=\"nofollow\">\n\t\t\t\t\t\t\t\t\t\tGoDaddy\t\t\t\t\t\t\t\t\t<\/a>\n\t\t\t\t\t\t\t\t<\/h3>\n\t\t\t\t\t\t\t\t\t\t\t\t\t\n\t\t\t\t\t\t<div class=\"wcorg-sponsor-description\">\n\t\t\t\t\t\t\t\t\t\t\t\t\t\t\t<a href=\"https:\/\/www.godaddy.com\/pro\" rel=\"nofollow\">\n\t\t\t\t\t\t\t\t\t<img loading=\"lazy\" decoding=\"async\" width=\"1000\" height=\"234\" src=\"https:\/\/medellin.wordcamp.org\/2016\/files\/2016\/08\/go-daddy-pro.png\" class=\"attachment-wcb-sponsor-logo-horizontal-2x size-wcb-sponsor-logo-horizontal-2x wp-post-image\" alt=\"GoDaddy\" srcset=\"https:\/\/medellin.wordcamp.org\/2016\/files\/2016\/08\/go-daddy-pro.png 1000w, https:\/\/medellin.wordcamp.org\/2016\/files\/2016\/08\/go-daddy-pro-300x70.png 300w, https:\/\/medellin.wordcamp.org\/2016\/files\/2016\/08\/go-daddy-pro-768x180.png 768w, https:\/\/medellin.wordcamp.org\/2016\/files\/2016\/08\/go-daddy-pro-500x117.png 500w\" sizes=\"auto, (max-width: 1000px) 100vw, 1000px\" \/>\t\t\t\t\t\t\t\t<\/a>\n\t\t\t\t\t\t\t\n\t\t\t\t\t\t\t\t\t\t\t\t\t\t\t<p>GoDaddy&#8217;s mission is to radically shift the global economy toward small businesses by empowering people to easily start, confidently grow and successfully run their own ventures. With more than 12 million customers worldwide and 57 million domain names under management, <a href=\"https:\/\/www.godaddy.com\/pro\" rel=\"nofollow\">GoDaddy<\/a> gives small business owners the tools to name their idea, build a beautiful online presence, attract customers and manage their business.<\/p>\n\t\t\t\t\t\t\t\t\t\t\t\t\t<\/div>\n\t\t\t\t\t<\/div><!-- #sponsor -->\n\t\t\t\t\n\t\t\t\t\t<div id=\"wcorg-sponsor-20\" class=\"wcorg-sponsor\">\n\t\t\t\t\t\t\t\t\t\t\t\t\t\t\t\t\t\t\t\t\t<h3>\n\t\t\t\t\t\t\t\t\t<a href=\"https:\/\/www.boldgrid.com\/\" rel=\"nofollow\">\n\t\t\t\t\t\t\t\t\t\tBoldGrid\t\t\t\t\t\t\t\t\t<\/a>\n\t\t\t\t\t\t\t\t<\/h3>\n\t\t\t\t\t\t\t\t\t\t\t\t\t\n\t\t\t\t\t\t<div class=\"wcorg-sponsor-description\">\n\t\t\t\t\t\t\t\t\t\t\t\t\t\t\t<a href=\"https:\/\/www.boldgrid.com\/\" rel=\"nofollow\">\n\t\t\t\t\t\t\t\t\t<img loading=\"lazy\" decoding=\"async\" width=\"200\" height=\"28\" src=\"https:\/\/medellin.wordcamp.org\/2016\/files\/2016\/08\/boldGrid-transparent-lockup-2a.png\" class=\"attachment-wcb-sponsor-logo-horizontal-2x size-wcb-sponsor-logo-horizontal-2x wp-post-image\" alt=\"BoldGrid\" \/>\t\t\t\t\t\t\t\t<\/a>\n\t\t\t\t\t\t\t\n\t\t\t\t\t\t\t\t\t\t\t\t\t\t\t<p>BoldGrid is a website builder powered by WordPress. It is a free set of WordPress plugins, themes, and other content that allows site creation and management similar to non-WordPress website builders. By placing WordPress more in line with DIY site builder solutions on the market, our mission is not only to make WordPress more accessible and easy for beginners to utilize, but also automate and streamline typical WordPress tasks to provide a fast, creator-friendly platform that even web professionals will appreciate.<\/p>\n<p>Experience WordPress as a website builder, including: free pre-built themes, drag and drop editing, integrated image banks, simplified photo editing, built-in staging, automated backups, and so much more.<\/p>\n<p>BoldGrid will have you creating professional looking WordPress sites in minutes!<\/p>\n<p><a href=\"http:\/\/www.boldgrid.com\" target=\"_blank\" rel=\"nofollow\">www.boldgrid.com<\/a><\/p>\n\t\t\t\t\t\t\t\t\t\t\t\t\t<\/div>\n\t\t\t\t\t<\/div><!-- #sponsor -->\n\t\t\t\t\t\t\t<\/div><!-- .wcorg-sponsor-level -->\n\t\t\n\t\t\t<div class=\"wcorg-sponsor-level-plata\">\n\t\t\t\t<h2>Plata<\/h2>\n\n\t\t\t\t\n\t\t\t\t\t<div id=\"wcorg-sponsor-25\" class=\"wcorg-sponsor\">\n\t\t\t\t\t\t\t\t\t\t\t\t\t\t\t\t\t\t\t\t\t<h3>\n\t\t\t\t\t\t\t\t\t<a href=\"https:\/\/wpml.org\/\" rel=\"nofollow\">\n\t\t\t\t\t\t\t\t\t\tWPML\t\t\t\t\t\t\t\t\t<\/a>\n\t\t\t\t\t\t\t\t<\/h3>\n\t\t\t\t\t\t\t\t\t\t\t\t\t\n\t\t\t\t\t\t<div class=\"wcorg-sponsor-description\">\n\t\t\t\t\t\t\t\t\t\t\t\t\t\t\t<a href=\"https:\/\/wpml.org\/\" rel=\"nofollow\">\n\t\t\t\t\t\t\t\t\t<img loading=\"lazy\" decoding=\"async\" width=\"1000\" height=\"234\" src=\"https:\/\/medellin.wordcamp.org\/2016\/files\/2016\/08\/WPML.png\" class=\"attachment-wcb-sponsor-logo-horizontal-2x size-wcb-sponsor-logo-horizontal-2x wp-post-image\" alt=\"WPML\" srcset=\"https:\/\/medellin.wordcamp.org\/2016\/files\/2016\/08\/WPML.png 1000w, https:\/\/medellin.wordcamp.org\/2016\/files\/2016\/08\/WPML-300x70.png 300w, https:\/\/medellin.wordcamp.org\/2016\/files\/2016\/08\/WPML-768x180.png 768w, https:\/\/medellin.wordcamp.org\/2016\/files\/2016\/08\/WPML-500x117.png 500w\" sizes=\"auto, (max-width: 1000px) 100vw, 1000px\" \/>\t\t\t\t\t\t\t\t<\/a>\n\t\t\t\t\t\t\t\n\t\t\t\t\t\t\t\t\t\t\t\t\t\t\t<div>\n<p>WPML te permite hacer tu sitio multiling\u00fce.<\/p>\n<p>Al instalarlo podr\u00e1s traducir todo el contenido del sitio, desde entradas, entradas personalizadas y p\u00e1ginas as\u00ed como men\u00faes, widgets y textos del tema y otros plugins.<\/p>\n<p>Es compatible con plugins de caching, SEO, E-Commerce y muchos m\u00e1s.<\/p>\n<p>WPML es adecuado tanto para grandes sitios corporativos como para blogs personales, y ya ha ayudado a hacer multiling\u00fce a mas de 500.000 sitios comerciales en todo el mundo.<\/p>\n<p>M\u00e1s informaci\u00f3n en: <a href=\"http:\/\/wpml.org\" rel=\"nofollow\">WPML.org<\/a><\/p>\n<p>Contratamos talento.\u00a0 Si eres un programador creativo, te invitamos a contactarnos: \u00a0<a href=\"http:\/\/wpml.org\/home\/were-hiring\/\" rel=\"nofollow\">http:\/\/wpml.org\/home\/were-hiring\/<\/a><\/p>\n<p>WPML turns WordPress websites multilingual. It works with caching, SEO and E-Commerce plugins, and allows the building of complete multilingual sites. WPML powers simple blogs as well as corporate and enterprise sites.<\/p>\n<\/div>\n<div>\n<p>WPML allows users to translate everything in the site, including content, menus, widgets and even theme and plugin texts. WPML powers over 500,000 commercial websites from all over the world.<\/p>\n<p>More information about going multilingual can be found at\u00a0<a href=\"http:\/\/wpml.org\/\" target=\"_blank\" rel=\"nofollow\">WPML.org<\/a><\/p>\n<p>We are looking for talent. If you are a smart programmer you are welcome to contact us here: <a href=\"http:\/\/wpml.org\/home\/were-hiring\/\" target=\"_blank\" rel=\"nofollow\">http:\/\/wpml.org\/home\/were-hiring\/<\/a>.<\/p>\n<\/div>\n\t\t\t\t\t\t\t\t\t\t\t\t\t<\/div>\n\t\t\t\t\t<\/div><!-- #sponsor -->\n\t\t\t\t\n\t\t\t\t\t<div id=\"wcorg-sponsor-26\" class=\"wcorg-sponsor\">\n\t\t\t\t\t\t\t\t\t\t\t\t\t\t\t\t\t\t\t\t\t<h3>\n\t\t\t\t\t\t\t\t\t<a href=\"http:\/\/dreamhost.com\" rel=\"nofollow\">\n\t\t\t\t\t\t\t\t\t\tDreamHost\t\t\t\t\t\t\t\t\t<\/a>\n\t\t\t\t\t\t\t\t<\/h3>\n\t\t\t\t\t\t\t\t\t\t\t\t\t\n\t\t\t\t\t\t<div class=\"wcorg-sponsor-description\">\n\t\t\t\t\t\t\t\t\t\t\t\t\t\t\t<a href=\"http:\/\/dreamhost.com\" rel=\"nofollow\">\n\t\t\t\t\t\t\t\t\t<img loading=\"lazy\" decoding=\"async\" width=\"1000\" height=\"234\" src=\"https:\/\/medellin.wordcamp.org\/2016\/files\/2016\/08\/dreamhost.png\" class=\"attachment-wcb-sponsor-logo-horizontal-2x size-wcb-sponsor-logo-horizontal-2x wp-post-image\" alt=\"DreamHost\" srcset=\"https:\/\/medellin.wordcamp.org\/2016\/files\/2016\/08\/dreamhost.png 1000w, https:\/\/medellin.wordcamp.org\/2016\/files\/2016\/08\/dreamhost-300x70.png 300w, https:\/\/medellin.wordcamp.org\/2016\/files\/2016\/08\/dreamhost-768x180.png 768w, https:\/\/medellin.wordcamp.org\/2016\/files\/2016\/08\/dreamhost-500x117.png 500w\" sizes=\"auto, (max-width: 1000px) 100vw, 1000px\" \/>\t\t\t\t\t\t\t\t<\/a>\n\t\t\t\t\t\t\t\n\t\t\t\t\t\t\t\t\t\t\t\t\t\t\t<p>Since 1997\u00a0DreamHost has helped individuals, small businesses, entrepreneurs and\u00a0developers the world over bring their dreams to life on the Internet. From\u00a0domain registrations to traditional web hosting and highly-optimized\u00a0managed WordPress hosting, more than 400,000 customers trust DreamHost to\u00a0be their online home. DreamHost supports the WordPress project and\u00a0community with dedicated resources and a passionate team. Packed with\u00a0excellent value, DreamHost is a great place to launch a blog, website, or\u00a0online application into the stratosphere! Learn more at\u00a0<a href=\"http:\/\/href.li\/?http:\/\/www.DreamHost.com\" rel=\"nofollow\">www.DreamHost.com<\/a><\/p>\n\t\t\t\t\t\t\t\t\t\t\t\t\t<\/div>\n\t\t\t\t\t<\/div><!-- #sponsor -->\n\t\t\t\t\n\t\t\t\t\t<div id=\"wcorg-sponsor-24\" class=\"wcorg-sponsor\">\n\t\t\t\t\t\t\t\t\t\t\t\t\t\t\t\t\t\t\t\t\t<h3>\n\t\t\t\t\t\t\t\t\t<a href=\"https:\/\/www.plesk.com\/\" rel=\"nofollow\">\n\t\t\t\t\t\t\t\t\t\tPlesk\t\t\t\t\t\t\t\t\t<\/a>\n\t\t\t\t\t\t\t\t<\/h3>\n\t\t\t\t\t\t\t\t\t\t\t\t\t\n\t\t\t\t\t\t<div class=\"wcorg-sponsor-description\">\n\t\t\t\t\t\t\t\t\t\t\t\t\t\t\t<a href=\"https:\/\/www.plesk.com\/\" rel=\"nofollow\">\n\t\t\t\t\t\t\t\t\t<img loading=\"lazy\" decoding=\"async\" width=\"1000\" height=\"234\" src=\"https:\/\/medellin.wordcamp.org\/2016\/files\/2016\/08\/plesk_black.png\" class=\"attachment-wcb-sponsor-logo-horizontal-2x size-wcb-sponsor-logo-horizontal-2x wp-post-image\" alt=\"Plesk\" srcset=\"https:\/\/medellin.wordcamp.org\/2016\/files\/2016\/08\/plesk_black.png 1000w, https:\/\/medellin.wordcamp.org\/2016\/files\/2016\/08\/plesk_black-300x70.png 300w, https:\/\/medellin.wordcamp.org\/2016\/files\/2016\/08\/plesk_black-768x180.png 768w, https:\/\/medellin.wordcamp.org\/2016\/files\/2016\/08\/plesk_black-500x117.png 500w\" sizes=\"auto, (max-width: 1000px) 100vw, 1000px\" \/>\t\t\t\t\t\t\t\t<\/a>\n\t\t\t\t\t\t\t\n\t\t\t\t\t\t\t\t\t\t\t\t\t\t\t<p><a href=\"https:\/\/www.plesk.com\/\" rel=\"nofollow\">Plesk<\/a> simplifies web management activities to align with the way infrastructure is used today for hosting websites and web applications. A widely used web management solution, Plesk provides everything a web professional needs to set up a website quickly and securely \u2013 including a WordPress Toolkit, an easy-to-navigate control panel, server level automation, supportability tools, and complete protection with our server-to-site security core.<\/p>\n\t\t\t\t\t\t\t\t\t\t\t\t\t<\/div>\n\t\t\t\t\t<\/div><!-- #sponsor -->\n\t\t\t\t\t\t\t<\/div><!-- .wcorg-sponsor-level -->\n\t\t\t<\/div><!-- .wcorg-sponsors -->\n\n\t\n<h3>\u00bfInteresado en apoyar el evento?<\/h3>\n<p>Patrocinar una WordCamp es una buena oportunidad para apoyar a la comunidad que ha crecido alrededor del gestor de contenidos m\u00e1s popular y extendido del mundo. Entre nuestros asistentes habr\u00e1 emprendedores, bloggers, dise\u00f1adores, desarrolladores, empresarios y educadores de todo el pa\u00eds.<\/p>\n<p><a href=\"https:\/\/2016.medellin.wordcamp.org\/2016\/08\/26\/hazte-patrocinador\/\" rel=\"nofollow\">\u00a1Hazte patrocinador!<\/a><\/p>\n","protected":false},"excerpt":{"rendered":"<p>Nuestro patrocinadores El WordCamp Medell\u00edn 2016 no ser\u00eda posible sin el patrocinio de: \u00bfInteresado en apoyar el evento? Patrocinar una WordCamp es una buena oportunidad para apoyar a la comunidad que ha crecido alrededor del gestor de contenidos m\u00e1s popular &hellip; <a href=\"https:\/\/medellin.wordcamp.org\/2016\/sponsor\/plesk\/\">Sigue leyendo <span class=\"meta-nav\">&rarr;<\/span><\/a><\/p>\n","protected":false},"author":9811149,"featured_media":0,"parent":0,"menu_order":0,"comment_status":"closed","ping_status":"closed","template":"","meta":{"jetpack_post_was_ever_published":false,"footnotes":""},"class_list":["post-10","page","type-page","status-publish","hentry"],"jetpack_sharing_enabled":true,"jetpack_shortlink":"https:\/\/wp.me\/P7KaHX-a","_links":{"self":[{"href":"https:\/\/medellin.wordcamp.org\/2016\/wp-json\/wp\/v2\/pages\/10","targetHints":{"allow":["GET"]}}],"collection":[{"href":"https:\/\/medellin.wordcamp.org\/2016\/wp-json\/wp\/v2\/pages"}],"about":[{"href":"https:\/\/medellin.wordcamp.org\/2016\/wp-json\/wp\/v2\/types\/page"}],"author":[{"embeddable":true,"href":"https:\/\/medellin.wordcamp.org\/2016\/wp-json\/wp\/v2\/users\/9811149"}],"replies":[{"embeddable":true,"href":"https:\/\/medellin.wordcamp.org\/2016\/wp-json\/wp\/v2\/comments?post=10"}],"version-history":[{"count":2,"href":"https:\/\/medellin.wordcamp.org\/2016\/wp-json\/wp\/v2\/pages\/10\/revisions"}],"predecessor-version":[{"id":136,"href":"https:\/\/medellin.wordcamp.org\/2016\/wp-json\/wp\/v2\/pages\/10\/revisions\/136"}],"wp:attachment":[{"href":"https:\/\/medellin.wordcamp.org\/2016\/wp-json\/wp\/v2\/media?parent=10"}],"curies":[{"name":"wp","href":"https:\/\/api.w.org\/{rel}","templated":true}]}}