{"id":11,"date":"2016-08-09T22:22:02","date_gmt":"2016-08-09T22:22:02","guid":{"rendered":"https:\/\/2016.medellin.wordcamp.org\/location\/"},"modified":"2016-10-07T19:39:06","modified_gmt":"2016-10-08T00:39:06","slug":"location","status":"publish","type":"page","link":"https:\/\/medellin.wordcamp.org\/2016\/location\/","title":{"rendered":"Locaci\u00f3n"},"content":{"rendered":"<p><strong>LUGAR<\/strong><\/p>\n<p>El lugar elegido para este primer WordCamp Medell\u00edn, es el <strong><a href=\"http:\/\/www.tdea.edu.co\/index.php\/es\/\">Tecnol\u00f3gico de Antioquia<\/a><\/strong>.<\/p>\n<ul>\n<li><strong>Direcci\u00f3n:<\/strong>\u00a0Cl. 78b #72A-220, Medell\u00edn, Antioquia, Colombia<\/li>\n<li><strong>Hora aproximada:<\/strong> 9 am &#8211; 5:30 pm<\/li>\n<\/ul>\n<div class=\"googlemaps\">\n\t\t\t\t<iframe loading=\"lazy\" width=\"600\" height=\"450\" frameborder=\"0\" scrolling=\"no\" marginheight=\"0\" marginwidth=\"0\"  src=\"https:\/\/www.google.com\/maps\/embed?pb=!1m18!1m12!1m3!1d3965.8768385293833!2d-75.58537588545339!3d6.279918295454725!2m3!1f0!2f0!3f0!3m2!1i1024!2i768!4f13.1!3m3!1m2!1s0x8e4429257a521c2d:0x4dd5139f80084ad!2sTecnol\u00f3gico%20de%20Antioquia!5e0!3m2!1sen!2spe!4v1475775022271\"><\/iframe>\n\t\t\t<\/div>\n<p>&nbsp;<\/p>\n<p><strong>ALOJAMIENTO<\/strong><\/p>\n<p>La organizaci\u00f3n ha conseguido un descuento especial\u00a0en el <a href=\"http:\/\/hotelvivre.com\">Hotel Vivre<\/a>, a pocos minutos del lugar del evento.<\/p>\n<p>Para hacer efectivo el descuento, solo deben escribir al correo electr\u00f3nico del Hotel (<a href=\"mailto:reservas@hotelvivre.com\">reservas@hotelvivre.com<\/a>)\u00a0indicando que desean hacer una reserva con el descuento a nombre de &#8216;WordCamp Medell\u00edn&#8217;.<\/p>\n<ul>\n<li><strong>Direcci\u00f3n:\u00a0<\/strong>Cra 70 A # 42-39 Medell\u00edn &#8211; Colombia<\/li>\n<li><strong>P\u00e1gina web:\u00a0<\/strong><a href=\"http:\/\/hotelvivre.com\/\">http:\/\/hotelvivre.com\/<\/a><\/li>\n<li><strong>Mail de contacto:<\/strong>\u00a0<a href=\"mailto:reservas@hotelvivre.com\">reservas@hotelvivre.com<\/a><\/li>\n<li><strong>Tel\u00e9fono de contacto:<\/strong>\u00a0(+574) 411 4242<\/li>\n<\/ul>\n<p>&nbsp;<\/p>\n","protected":false},"excerpt":{"rendered":"<p>LUGAR El lugar elegido para este primer WordCamp Medell\u00edn, es el Tecnol\u00f3gico de Antioquia. Direcci\u00f3n:\u00a0Cl. 78b #72A-220, Medell\u00edn, Antioquia, Colombia Hora aproximada: 9 am &#8211; 5:30 pm &nbsp; ALOJAMIENTO La organizaci\u00f3n ha conseguido un descuento especial\u00a0en el Hotel Vivre, a &hellip; <a href=\"https:\/\/medellin.wordcamp.org\/2016\/location\/\">Sigue leyendo <span class=\"meta-nav\">&rarr;<\/span><\/a><\/p>\n","protected":false},"author":9811149,"featured_media":0,"parent":0,"menu_order":0,"comment_status":"closed","ping_status":"closed","template":"","meta":{"jetpack_post_was_ever_published":false,"footnotes":""},"class_list":["post-11","page","type-page","status-publish","hentry"],"jetpack_sharing_enabled":true,"jetpack_shortlink":"https:\/\/wp.me\/P7KaHX-b","_links":{"self":[{"href":"https:\/\/medellin.wordcamp.org\/2016\/wp-json\/wp\/v2\/pages\/11","targetHints":{"allow":["GET"]}}],"collection":[{"href":"https:\/\/medellin.wordcamp.org\/2016\/wp-json\/wp\/v2\/pages"}],"about":[{"href":"https:\/\/medellin.wordcamp.org\/2016\/wp-json\/wp\/v2\/types\/page"}],"author":[{"embeddable":true,"href":"https:\/\/medellin.wordcamp.org\/2016\/wp-json\/wp\/v2\/users\/9811149"}],"replies":[{"embeddable":true,"href":"https:\/\/medellin.wordcamp.org\/2016\/wp-json\/wp\/v2\/comments?post=11"}],"version-history":[{"count":3,"href":"https:\/\/medellin.wordcamp.org\/2016\/wp-json\/wp\/v2\/pages\/11\/revisions"}],"predecessor-version":[{"id":381,"href":"https:\/\/medellin.wordcamp.org\/2016\/wp-json\/wp\/v2\/pages\/11\/revisions\/381"}],"wp:attachment":[{"href":"https:\/\/medellin.wordcamp.org\/2016\/wp-json\/wp\/v2\/media?parent=11"}],"curies":[{"name":"wp","href":"https:\/\/api.w.org\/{rel}","templated":true}]}}