{"id":13,"date":"2016-09-23T17:51:34","date_gmt":"2016-09-23T22:51:34","guid":{"rendered":"https:\/\/2016.medellin.wordcamp.org\/?page_id=13"},"modified":"2016-11-04T15:09:00","modified_gmt":"2016-11-04T20:09:00","slug":"registro","status":"publish","type":"page","link":"https:\/\/medellin.wordcamp.org\/2016\/registro\/","title":{"rendered":"Registro"},"content":{"rendered":"<p>\u00a1Ya vendimos todas los entradas para el WordCamp Medell\u00edn 2016!<\/p>\n<a href=\"https:\/\/medellin.wordcamp.org\/2016\/registro\/\">Por favor, ve esta p\u00e1gina en un navegador para hacer una compra o gestionar entradas.<\/a>\n<p>Ojal\u00e1 nos encontremos en WordCamp Medell\u00edn 2017.<\/p>\n<p><em><strong>AVISO:<\/strong><\/em><em>\u00a0En bien de la comunidad y con fines de promoci\u00f3n, habr\u00e1 voluntarios y\/o fot\u00f3grafos profesionales en la\u00a0WordCamp. <\/em><em>Al asistir al evento, se autoriza la utilizaci\u00f3n de tu imagen si apareces\u00a0en fotos o\u00a0v\u00eddeos\u00a0que se puedan tomar, que pueden mostrar tu participaci\u00f3n en el evento.<\/em><\/p>\n","protected":false},"excerpt":{"rendered":"<p>\u00a1Ya vendimos todas los entradas para el WordCamp Medell\u00edn 2016! Ojal\u00e1 nos encontremos en WordCamp Medell\u00edn 2017. AVISO:\u00a0En bien de la comunidad y con fines de promoci\u00f3n, habr\u00e1 voluntarios y\/o fot\u00f3grafos profesionales en la\u00a0WordCamp. Al asistir al evento, se autoriza &hellip; <a href=\"https:\/\/medellin.wordcamp.org\/2016\/registro\/\">Sigue leyendo <span class=\"meta-nav\">&rarr;<\/span><\/a><\/p>\n","protected":false},"author":9811149,"featured_media":0,"parent":0,"menu_order":0,"comment_status":"closed","ping_status":"closed","template":"","meta":{"jetpack_post_was_ever_published":false,"footnotes":""},"class_list":["post-13","page","type-page","status-publish","hentry"],"jetpack_sharing_enabled":true,"jetpack_shortlink":"https:\/\/wp.me\/P7KaHX-d","_links":{"self":[{"href":"https:\/\/medellin.wordcamp.org\/2016\/wp-json\/wp\/v2\/pages\/13","targetHints":{"allow":["GET"]}}],"collection":[{"href":"https:\/\/medellin.wordcamp.org\/2016\/wp-json\/wp\/v2\/pages"}],"about":[{"href":"https:\/\/medellin.wordcamp.org\/2016\/wp-json\/wp\/v2\/types\/page"}],"author":[{"embeddable":true,"href":"https:\/\/medellin.wordcamp.org\/2016\/wp-json\/wp\/v2\/users\/9811149"}],"replies":[{"embeddable":true,"href":"https:\/\/medellin.wordcamp.org\/2016\/wp-json\/wp\/v2\/comments?post=13"}],"version-history":[{"count":19,"href":"https:\/\/medellin.wordcamp.org\/2016\/wp-json\/wp\/v2\/pages\/13\/revisions"}],"predecessor-version":[{"id":715,"href":"https:\/\/medellin.wordcamp.org\/2016\/wp-json\/wp\/v2\/pages\/13\/revisions\/715"}],"wp:attachment":[{"href":"https:\/\/medellin.wordcamp.org\/2016\/wp-json\/wp\/v2\/media?parent=13"}],"curies":[{"name":"wp","href":"https:\/\/api.w.org\/{rel}","templated":true}]}}